{"id":1088,"date":"2023-11-01T14:31:17","date_gmt":"2023-11-01T13:31:17","guid":{"rendered":"https:\/\/stemning-copenhagen.dk\/kontakt\/"},"modified":"2026-03-29T11:33:47","modified_gmt":"2026-03-29T09:33:47","slug":"find-os","status":"publish","type":"page","link":"https:\/\/stemning-copenhagen.dk\/en\/find-os\/","title":{"rendered":"Visit us"},"content":{"rendered":"<div data-elementor-type=\"wp-post\" data-elementor-id=\"1088\" class=\"elementor elementor-1088\" data-elementor-post-type=\"page\">\n\t\t\t\t<div class=\"elementor-element elementor-element-a3081da e-flex e-con-boxed e-con e-parent\" data-id=\"a3081da\" data-element_type=\"container\" data-e-type=\"container\" data-settings=\"{&quot;background_background&quot;:&quot;classic&quot;,&quot;jet_parallax_layout_list&quot;:[]}\">\n\t\t\t\t\t<div class=\"e-con-inner\">\n\t\t<div class=\"elementor-element elementor-element-5ec074a e-con-full e-flex e-con e-child\" data-id=\"5ec074a\" data-element_type=\"container\" data-e-type=\"container\" data-settings=\"{&quot;jet_parallax_layout_list&quot;:[]}\">\n\t\t\t\t<div class=\"elementor-element elementor-element-79e7c83 elementor-widget elementor-widget-text-editor\" data-id=\"79e7c83\" data-element_type=\"widget\" data-e-type=\"widget\" data-widget_type=\"text-editor.default\">\n\t\t\t\t<div class=\"elementor-widget-container\">\n\t\t\t\t\t\t\t\t\t<p>Visit us<\/p>\t\t\t\t\t\t\t\t<\/div>\n\t\t\t\t<\/div>\n\t\t\t\t<div class=\"elementor-element elementor-element-1eb2931 elementor-widget__width-inherit elementor-widget elementor-widget-heading\" data-id=\"1eb2931\" data-element_type=\"widget\" data-e-type=\"widget\" data-widget_type=\"heading.default\">\n\t\t\t\t<div class=\"elementor-widget-container\">\n\t\t\t\t\t<h1 class=\"elementor-heading-title elementor-size-default\">Contact<\/h1>\t\t\t\t<\/div>\n\t\t\t\t<\/div>\n\t\t<div class=\"elementor-element elementor-element-1f8f3a5 e-con-full e-flex e-con e-child\" data-id=\"1f8f3a5\" data-element_type=\"container\" data-e-type=\"container\" data-settings=\"{&quot;jet_parallax_layout_list&quot;:[]}\">\n\t\t<div class=\"elementor-element elementor-element-115f648 e-con-full e-flex e-con e-child\" data-id=\"115f648\" data-element_type=\"container\" data-e-type=\"container\" data-settings=\"{&quot;jet_parallax_layout_list&quot;:[]}\">\n\t\t\t\t<div class=\"elementor-element elementor-element-0629001 elementor-widget elementor-widget-text-editor\" data-id=\"0629001\" data-element_type=\"widget\" data-e-type=\"widget\" data-widget_type=\"text-editor.default\">\n\t\t\t\t<div class=\"elementor-widget-container\">\n\t\t\t\t\t\t\t\t\t<p>Phone<\/p>\t\t\t\t\t\t\t\t<\/div>\n\t\t\t\t<\/div>\n\t\t\t\t<div class=\"elementor-element elementor-element-3ac85e5 elementor-widget__width-inherit elementor-widget elementor-widget-text-editor\" data-id=\"3ac85e5\" data-element_type=\"widget\" data-e-type=\"widget\" data-widget_type=\"text-editor.default\">\n\t\t\t\t<div class=\"elementor-widget-container\">\n\t\t\t\t\t\t\t\t\t<p><a href=\"tel:+4572421010\">+45 72421010<\/a><\/p>\t\t\t\t\t\t\t\t<\/div>\n\t\t\t\t<\/div>\n\t\t<div class=\"elementor-element elementor-element-3d72ae0 e-con-full e-flex e-con e-child\" data-id=\"3d72ae0\" data-element_type=\"container\" data-e-type=\"container\" data-settings=\"{&quot;jet_parallax_layout_list&quot;:[]}\">\n\t\t\t\t<div class=\"elementor-element elementor-element-cca71b9 elementor-widget__width-inherit elementor-widget elementor-widget-heading\" data-id=\"cca71b9\" data-element_type=\"widget\" data-e-type=\"widget\" data-widget_type=\"heading.default\">\n\t\t\t\t<div class=\"elementor-widget-container\">\n\t\t\t\t\t<h2 class=\"elementor-heading-title elementor-size-default\">Visit our workshop<\/h2>\t\t\t\t<\/div>\n\t\t\t\t<\/div>\n\t\t<div class=\"elementor-element elementor-element-614d7b2 e-con-full e-flex e-con e-child\" data-id=\"614d7b2\" data-element_type=\"container\" data-e-type=\"container\" data-settings=\"{&quot;jet_parallax_layout_list&quot;:[]}\">\n\t\t\t\t<div class=\"elementor-element elementor-element-425211d elementor-widget elementor-widget-heading\" data-id=\"425211d\" data-element_type=\"widget\" data-e-type=\"widget\" data-widget_type=\"heading.default\">\n\t\t\t\t<div class=\"elementor-widget-container\">\n\t\t\t\t\t<h3 class=\"elementor-heading-title elementor-size-default\">Opening hours<\/h3>\t\t\t\t<\/div>\n\t\t\t\t<\/div>\n\t\t<div class=\"elementor-element elementor-element-5736f0e e-con-full e-flex e-con e-child\" data-id=\"5736f0e\" data-element_type=\"container\" data-e-type=\"container\" data-settings=\"{&quot;jet_parallax_layout_list&quot;:[]}\">\n\t\t\t\t<div class=\"elementor-element elementor-element-c6cd3da elementor-widget elementor-widget-heading\" data-id=\"c6cd3da\" data-element_type=\"widget\" data-e-type=\"widget\" data-widget_type=\"heading.default\">\n\t\t\t\t<div class=\"elementor-widget-container\">\n\t\t\t\t\t<h3 class=\"elementor-heading-title elementor-size-default\">Monday<\/h3>\t\t\t\t<\/div>\n\t\t\t\t<\/div>\n\t\t\t\t<div class=\"elementor-element elementor-element-3b695f5 elementor-widget elementor-widget-heading\" data-id=\"3b695f5\" data-element_type=\"widget\" data-e-type=\"widget\" data-widget_type=\"heading.default\">\n\t\t\t\t<div class=\"elementor-widget-container\">\n\t\t\t\t\t<h3 class=\"elementor-heading-title elementor-size-default\">12.00 - 19.00<\/h3>\t\t\t\t<\/div>\n\t\t\t\t<\/div>\n\t\t\t\t<\/div>\n\t\t<div class=\"elementor-element elementor-element-bb22708 e-con-full e-flex e-con e-child\" data-id=\"bb22708\" data-element_type=\"container\" data-e-type=\"container\" data-settings=\"{&quot;jet_parallax_layout_list&quot;:[]}\">\n\t\t\t\t<div class=\"elementor-element elementor-element-310ea36 elementor-widget elementor-widget-heading\" data-id=\"310ea36\" data-element_type=\"widget\" data-e-type=\"widget\" data-widget_type=\"heading.default\">\n\t\t\t\t<div class=\"elementor-widget-container\">\n\t\t\t\t\t<h3 class=\"elementor-heading-title elementor-size-default\">Tuesday<\/h3>\t\t\t\t<\/div>\n\t\t\t\t<\/div>\n\t\t\t\t<div class=\"elementor-element elementor-element-7e081fe elementor-widget elementor-widget-heading\" data-id=\"7e081fe\" data-element_type=\"widget\" data-e-type=\"widget\" data-widget_type=\"heading.default\">\n\t\t\t\t<div class=\"elementor-widget-container\">\n\t\t\t\t\t<h3 class=\"elementor-heading-title elementor-size-default\">10.00 - 20.00<\/h3>\t\t\t\t<\/div>\n\t\t\t\t<\/div>\n\t\t\t\t<\/div>\n\t\t<div class=\"elementor-element elementor-element-2d29d8c e-con-full e-flex e-con e-child\" data-id=\"2d29d8c\" data-element_type=\"container\" data-e-type=\"container\" data-settings=\"{&quot;jet_parallax_layout_list&quot;:[]}\">\n\t\t\t\t<div class=\"elementor-element elementor-element-162cf28 elementor-widget elementor-widget-heading\" data-id=\"162cf28\" data-element_type=\"widget\" data-e-type=\"widget\" data-widget_type=\"heading.default\">\n\t\t\t\t<div class=\"elementor-widget-container\">\n\t\t\t\t\t<h3 class=\"elementor-heading-title elementor-size-default\">Wednesday<\/h3>\t\t\t\t<\/div>\n\t\t\t\t<\/div>\n\t\t\t\t<div class=\"elementor-element elementor-element-2a73c42 elementor-widget elementor-widget-heading\" data-id=\"2a73c42\" data-element_type=\"widget\" data-e-type=\"widget\" data-widget_type=\"heading.default\">\n\t\t\t\t<div class=\"elementor-widget-container\">\n\t\t\t\t\t<h3 class=\"elementor-heading-title elementor-size-default\">10.00 - 17.00<\/h3>\t\t\t\t<\/div>\n\t\t\t\t<\/div>\n\t\t\t\t<\/div>\n\t\t<div class=\"elementor-element elementor-element-6c67dca e-con-full e-flex e-con e-child\" data-id=\"6c67dca\" data-element_type=\"container\" data-e-type=\"container\" data-settings=\"{&quot;jet_parallax_layout_list&quot;:[]}\">\n\t\t\t\t<div class=\"elementor-element elementor-element-d5c2a32 elementor-widget elementor-widget-heading\" data-id=\"d5c2a32\" data-element_type=\"widget\" data-e-type=\"widget\" data-widget_type=\"heading.default\">\n\t\t\t\t<div class=\"elementor-widget-container\">\n\t\t\t\t\t<h3 class=\"elementor-heading-title elementor-size-default\">Thursday<\/h3>\t\t\t\t<\/div>\n\t\t\t\t<\/div>\n\t\t\t\t<div class=\"elementor-element elementor-element-70a4c39 elementor-widget elementor-widget-heading\" data-id=\"70a4c39\" data-element_type=\"widget\" data-e-type=\"widget\" data-widget_type=\"heading.default\">\n\t\t\t\t<div class=\"elementor-widget-container\">\n\t\t\t\t\t<h3 class=\"elementor-heading-title elementor-size-default\">10.00 - 20.00<\/h3>\t\t\t\t<\/div>\n\t\t\t\t<\/div>\n\t\t\t\t<\/div>\n\t\t<div class=\"elementor-element elementor-element-e1d5548 e-con-full e-flex e-con e-child\" data-id=\"e1d5548\" data-element_type=\"container\" data-e-type=\"container\" data-settings=\"{&quot;jet_parallax_layout_list&quot;:[]}\">\n\t\t\t\t<div class=\"elementor-element elementor-element-5b09d59 elementor-widget elementor-widget-heading\" data-id=\"5b09d59\" data-element_type=\"widget\" data-e-type=\"widget\" data-widget_type=\"heading.default\">\n\t\t\t\t<div class=\"elementor-widget-container\">\n\t\t\t\t\t<h3 class=\"elementor-heading-title elementor-size-default\">Friday<\/h3>\t\t\t\t<\/div>\n\t\t\t\t<\/div>\n\t\t\t\t<div class=\"elementor-element elementor-element-3826930 elementor-widget elementor-widget-heading\" data-id=\"3826930\" data-element_type=\"widget\" data-e-type=\"widget\" data-widget_type=\"heading.default\">\n\t\t\t\t<div class=\"elementor-widget-container\">\n\t\t\t\t\t<h3 class=\"elementor-heading-title elementor-size-default\">10 .00 - 20.00<\/h3>\t\t\t\t<\/div>\n\t\t\t\t<\/div>\n\t\t\t\t<\/div>\n\t\t<div class=\"elementor-element elementor-element-761ee22 e-con-full e-flex e-con e-child\" data-id=\"761ee22\" data-element_type=\"container\" data-e-type=\"container\" data-settings=\"{&quot;jet_parallax_layout_list&quot;:[]}\">\n\t\t\t\t<div class=\"elementor-element elementor-element-9ded5ba elementor-widget elementor-widget-heading\" data-id=\"9ded5ba\" data-element_type=\"widget\" data-e-type=\"widget\" data-widget_type=\"heading.default\">\n\t\t\t\t<div class=\"elementor-widget-container\">\n\t\t\t\t\t<h3 class=\"elementor-heading-title elementor-size-default\">Saturday<\/h3>\t\t\t\t<\/div>\n\t\t\t\t<\/div>\n\t\t\t\t<div class=\"elementor-element elementor-element-4708eb5 elementor-widget elementor-widget-heading\" data-id=\"4708eb5\" data-element_type=\"widget\" data-e-type=\"widget\" data-widget_type=\"heading.default\">\n\t\t\t\t<div class=\"elementor-widget-container\">\n\t\t\t\t\t<h3 class=\"elementor-heading-title elementor-size-default\">10.00 - 20.00<\/h3>\t\t\t\t<\/div>\n\t\t\t\t<\/div>\n\t\t\t\t<\/div>\n\t\t<div class=\"elementor-element elementor-element-4e4f4d2 e-con-full e-flex e-con e-child\" data-id=\"4e4f4d2\" data-element_type=\"container\" data-e-type=\"container\" data-settings=\"{&quot;jet_parallax_layout_list&quot;:[]}\">\n\t\t\t\t<div class=\"elementor-element elementor-element-78da4ce elementor-widget elementor-widget-heading\" data-id=\"78da4ce\" data-element_type=\"widget\" data-e-type=\"widget\" data-widget_type=\"heading.default\">\n\t\t\t\t<div class=\"elementor-widget-container\">\n\t\t\t\t\t<h3 class=\"elementor-heading-title elementor-size-default\">Sunday<\/h3>\t\t\t\t<\/div>\n\t\t\t\t<\/div>\n\t\t\t\t<div class=\"elementor-element elementor-element-2697ca2 elementor-widget elementor-widget-heading\" data-id=\"2697ca2\" data-element_type=\"widget\" data-e-type=\"widget\" data-widget_type=\"heading.default\">\n\t\t\t\t<div class=\"elementor-widget-container\">\n\t\t\t\t\t<h3 class=\"elementor-heading-title elementor-size-default\">10.00 - 17.00<\/h3>\t\t\t\t<\/div>\n\t\t\t\t<\/div>\n\t\t\t\t<\/div>\n\t\t\t\t<\/div>\n\t\t\t\t<\/div>\n\t\t\t\t<div class=\"elementor-element elementor-element-cd00152 elementor-hidden-tablet elementor-widget elementor-widget-spacer\" data-id=\"cd00152\" data-element_type=\"widget\" data-e-type=\"widget\" data-widget_type=\"spacer.default\">\n\t\t\t\t<div class=\"elementor-widget-container\">\n\t\t\t\t\t\t\t<div class=\"elementor-spacer\">\n\t\t\t<div class=\"elementor-spacer-inner\"><\/div>\n\t\t<\/div>\n\t\t\t\t\t\t<\/div>\n\t\t\t\t<\/div>\n\t\t\t\t<\/div>\n\t\t\t\t<\/div>\n\t\t\t\t<div class=\"elementor-element elementor-element-4cdeb47 elementor-widget__width-inherit elementor-widget elementor-widget-text-editor\" data-id=\"4cdeb47\" data-element_type=\"widget\" data-e-type=\"widget\" data-widget_type=\"text-editor.default\">\n\t\t\t\t<div class=\"elementor-widget-container\">\n\t\t\t\t\t\t\t\t\t<p>You are welcome to contact us if you have any questions.<\/p>\t\t\t\t\t\t\t\t<\/div>\n\t\t\t\t<\/div>\n\t\t<div class=\"elementor-element elementor-element-bd59770 e-con-full e-flex e-con e-child\" data-id=\"bd59770\" data-element_type=\"container\" data-e-type=\"container\" data-settings=\"{&quot;jet_parallax_layout_list&quot;:[],&quot;background_background&quot;:&quot;classic&quot;}\">\n\t\t<div class=\"elementor-element elementor-element-5bd453e e-con-full e-flex e-con e-child\" data-id=\"5bd453e\" data-element_type=\"container\" data-e-type=\"container\" data-settings=\"{&quot;jet_parallax_layout_list&quot;:[]}\">\n\t\t<div class=\"elementor-element elementor-element-69e0011 e-con-full e-flex e-con e-child\" data-id=\"69e0011\" data-element_type=\"container\" data-e-type=\"container\" data-settings=\"{&quot;jet_parallax_layout_list&quot;:[]}\">\n\t\t\t\t<div class=\"elementor-element elementor-element-30ae8c0 elementor-widget elementor-widget-text-editor\" data-id=\"30ae8c0\" data-element_type=\"widget\" data-e-type=\"widget\" data-widget_type=\"text-editor.default\">\n\t\t\t\t<div class=\"elementor-widget-container\">\n\t\t\t\t\t\t\t\t\t<p>Address<\/p>\t\t\t\t\t\t\t\t<\/div>\n\t\t\t\t<\/div>\n\t\t\t\t<div class=\"elementor-element elementor-element-fb254d4 elementor-widget__width-inherit elementor-widget elementor-widget-text-editor\" data-id=\"fb254d4\" data-element_type=\"widget\" data-e-type=\"widget\" data-widget_type=\"text-editor.default\">\n\t\t\t\t<div class=\"elementor-widget-container\">\n\t\t\t\t\t\t\t\t\t<p>Farvergade 4D, 1463 K\u00f8benhavn K<\/p>\t\t\t\t\t\t\t\t<\/div>\n\t\t\t\t<\/div>\n\t\t\t\t<\/div>\n\t\t<div class=\"elementor-element elementor-element-984848a e-con-full e-flex e-con e-child\" data-id=\"984848a\" data-element_type=\"container\" data-e-type=\"container\" data-settings=\"{&quot;jet_parallax_layout_list&quot;:[]}\">\n\t\t\t\t<div class=\"elementor-element elementor-element-df62a17 elementor-widget elementor-widget-text-editor\" data-id=\"df62a17\" data-element_type=\"widget\" data-e-type=\"widget\" data-widget_type=\"text-editor.default\">\n\t\t\t\t<div class=\"elementor-widget-container\">\n\t\t\t\t\t\t\t\t\t<p>mail<\/p>\t\t\t\t\t\t\t\t<\/div>\n\t\t\t\t<\/div>\n\t\t\t\t<div class=\"elementor-element elementor-element-41c9f80 elementor-widget__width-inherit elementor-widget elementor-widget-text-editor\" data-id=\"41c9f80\" data-element_type=\"widget\" data-e-type=\"widget\" data-widget_type=\"text-editor.default\">\n\t\t\t\t<div class=\"elementor-widget-container\">\n\t\t\t\t\t\t\t\t\t<p><a href=\"mailto:info@stemning-copenhagen.dk\">info@stemning-copenhagen.dk<\/a><\/p>\t\t\t\t\t\t\t\t<\/div>\n\t\t\t\t<\/div>\n\t\t\t\t<\/div>\n\t\t\t\t<\/div>\n\t\t\t\t<\/div>\n\t\t\t\t<\/div>\n\t\t<div class=\"elementor-element elementor-element-6714013 e-con-full e-flex e-con e-child\" data-id=\"6714013\" data-element_type=\"container\" data-e-type=\"container\" data-settings=\"{&quot;jet_parallax_layout_list&quot;:[]}\">\n\t\t\t\t<div class=\"elementor-element elementor-element-8de3307 elementor-widget__width-inherit elementor-widget elementor-widget-image\" data-id=\"8de3307\" data-element_type=\"widget\" data-e-type=\"widget\" data-widget_type=\"image.default\">\n\t\t\t\t<div class=\"elementor-widget-container\">\n\t\t\t\t\t\t\t\t\t\t\t\t\t\t\t<img loading=\"lazy\" decoding=\"async\" width=\"1920\" height=\"1280\" src=\"https:\/\/stemning-copenhagen.dk\/wp-content\/uploads\/DSCF0660_resized-e1760684451830.jpg\" class=\"attachment-full size-full wp-image-5415\" alt=\"Fysisk butik for duftlys workshop\" srcset=\"https:\/\/stemning-copenhagen.dk\/wp-content\/uploads\/DSCF0660_resized-e1760684451830.jpg 1920w, https:\/\/stemning-copenhagen.dk\/wp-content\/uploads\/DSCF0660_resized-e1760684451830-600x400.jpg 600w\" sizes=\"auto, (max-width: 1920px) 100vw, 1920px\" \/>\t\t\t\t\t\t\t\t\t\t\t\t\t\t\t<\/div>\n\t\t\t\t<\/div>\n\t\t\t\t<\/div>\n\t\t\t\t\t<\/div>\n\t\t\t\t<\/div>\n\t\t\t\t<\/div>","protected":false},"excerpt":{"rendered":"<p>Find os Kontakt os telefon +45 72421010 Bes\u00f8g vores workshop \u00c5bningstider Mandag 12.00 &#8211; 19.00 Tirsdag 10.00 &#8211; 20.00 Onsdag 10.00 &#8211; 17.00 Torsdag 10.00 &#8211; 20.00 Fredag 10 .00 &#8211; 20.00 L\u00f8rdag 10.00 &#8211; 20.00 S\u00f8ndag 10.00 &#8211; 17.00 Du er velkommen til at kontakte os, hvis du skulle have nogle sp\u00f8rgsm\u00e5l. Adresse Farvergade [&hellip;]<\/p>\n","protected":false},"author":1,"featured_media":0,"parent":0,"menu_order":0,"comment_status":"closed","ping_status":"closed","template":"","meta":{"_acf_changed":false,"footnotes":""},"class_list":["post-1088","page","type-page","status-publish","hentry"],"acf":[],"yoast_head":"<!-- This site is optimized with the Yoast SEO plugin v27.6 - https:\/\/yoast.com\/product\/yoast-seo-wordpress\/ -->\n<title>Find os - Stemning Copenhagen<\/title>\n<meta name=\"description\" content=\"Stemning Copenhagen er en workshop i K\u00f8benhavn, hvor du kan lave dit eget duftlys. Sid i vores bar, f\u00e5 en kop kaffe og skab noget unikt.\" \/>\n<meta name=\"robots\" content=\"index, follow, max-snippet:-1, max-image-preview:large, max-video-preview:-1\" \/>\n<link rel=\"canonical\" href=\"https:\/\/stemning-copenhagen.dk\/en\/find-os\/\" \/>\n<meta property=\"og:locale\" content=\"en_GB\" \/>\n<meta property=\"og:type\" content=\"article\" \/>\n<meta property=\"og:title\" content=\"Find os - Stemning Copenhagen\" \/>\n<meta property=\"og:description\" content=\"Stemning Copenhagen er en workshop i K\u00f8benhavn, hvor du kan lave dit eget duftlys. Sid i vores bar, f\u00e5 en kop kaffe og skab noget unikt.\" \/>\n<meta property=\"og:url\" content=\"https:\/\/stemning-copenhagen.dk\/en\/find-os\/\" \/>\n<meta property=\"og:site_name\" content=\"Stemning Copenhagen\" \/>\n<meta property=\"article:modified_time\" content=\"2026-03-29T09:33:47+00:00\" \/>\n<meta property=\"og:image\" content=\"https:\/\/stemning-copenhagen.dk\/wp-content\/uploads\/DSCF0660_resized-e1760684451830.jpg\" \/>\n\t<meta property=\"og:image:width\" content=\"1920\" \/>\n\t<meta property=\"og:image:height\" content=\"1280\" \/>\n\t<meta property=\"og:image:type\" content=\"image\/jpeg\" \/>\n<meta name=\"twitter:card\" content=\"summary_large_image\" \/>\n<meta name=\"twitter:label1\" content=\"Estimated reading time\" \/>\n\t<meta name=\"twitter:data1\" content=\"1 minute\" \/>\n<script type=\"application\/ld+json\" class=\"yoast-schema-graph\">{\"@context\":\"https:\\\/\\\/schema.org\",\"@graph\":[{\"@type\":\"WebPage\",\"@id\":\"https:\\\/\\\/stemning-copenhagen.dk\\\/find-os\\\/\",\"url\":\"https:\\\/\\\/stemning-copenhagen.dk\\\/find-os\\\/\",\"name\":\"Find os - Stemning Copenhagen\",\"isPartOf\":{\"@id\":\"https:\\\/\\\/stemning-copenhagen.dk\\\/#website\"},\"primaryImageOfPage\":{\"@id\":\"https:\\\/\\\/stemning-copenhagen.dk\\\/find-os\\\/#primaryimage\"},\"image\":{\"@id\":\"https:\\\/\\\/stemning-copenhagen.dk\\\/find-os\\\/#primaryimage\"},\"thumbnailUrl\":\"https:\\\/\\\/stemning-copenhagen.dk\\\/wp-content\\\/uploads\\\/DSCF0660_resized-e1760684451830.jpg\",\"datePublished\":\"2023-11-01T13:31:17+00:00\",\"dateModified\":\"2026-03-29T09:33:47+00:00\",\"description\":\"Stemning Copenhagen er en workshop i K\u00f8benhavn, hvor du kan lave dit eget duftlys. Sid i vores bar, f\u00e5 en kop kaffe og skab noget unikt.\",\"inLanguage\":\"en-GB\",\"potentialAction\":[{\"@type\":\"ReadAction\",\"target\":[\"https:\\\/\\\/stemning-copenhagen.dk\\\/find-os\\\/\"]}]},{\"@type\":\"ImageObject\",\"inLanguage\":\"en-GB\",\"@id\":\"https:\\\/\\\/stemning-copenhagen.dk\\\/find-os\\\/#primaryimage\",\"url\":\"https:\\\/\\\/stemning-copenhagen.dk\\\/wp-content\\\/uploads\\\/DSCF0660_resized-e1760684451830.jpg\",\"contentUrl\":\"https:\\\/\\\/stemning-copenhagen.dk\\\/wp-content\\\/uploads\\\/DSCF0660_resized-e1760684451830.jpg\"},{\"@type\":\"WebSite\",\"@id\":\"https:\\\/\\\/stemning-copenhagen.dk\\\/#website\",\"url\":\"https:\\\/\\\/stemning-copenhagen.dk\\\/\",\"name\":\"Stemning Copenhagen\",\"description\":\"Duftlys caf\u00e9\",\"publisher\":{\"@id\":\"https:\\\/\\\/stemning-copenhagen.dk\\\/#organization\"},\"potentialAction\":[{\"@type\":\"SearchAction\",\"target\":{\"@type\":\"EntryPoint\",\"urlTemplate\":\"https:\\\/\\\/stemning-copenhagen.dk\\\/?s={search_term_string}\"},\"query-input\":{\"@type\":\"PropertyValueSpecification\",\"valueRequired\":true,\"valueName\":\"search_term_string\"}}],\"inLanguage\":\"en-GB\"},{\"@type\":\"Organization\",\"@id\":\"https:\\\/\\\/stemning-copenhagen.dk\\\/#organization\",\"name\":\"Stemning Copenhagen\",\"url\":\"https:\\\/\\\/stemning-copenhagen.dk\\\/\",\"logo\":{\"@type\":\"ImageObject\",\"inLanguage\":\"en-GB\",\"@id\":\"https:\\\/\\\/stemning-copenhagen.dk\\\/#\\\/schema\\\/logo\\\/image\\\/\",\"url\":\"https:\\\/\\\/stemning-copenhagen.dk\\\/wp-content\\\/uploads\\\/logo-black.svg\",\"contentUrl\":\"https:\\\/\\\/stemning-copenhagen.dk\\\/wp-content\\\/uploads\\\/logo-black.svg\",\"width\":552.18,\"height\":125.37,\"caption\":\"Stemning Copenhagen\"},\"image\":{\"@id\":\"https:\\\/\\\/stemning-copenhagen.dk\\\/#\\\/schema\\\/logo\\\/image\\\/\"}}]}<\/script>\n<!-- \/ Yoast SEO plugin. -->","yoast_head_json":{"title":"Find os - Stemning Copenhagen","description":"Stemning Copenhagen er en workshop i K\u00f8benhavn, hvor du kan lave dit eget duftlys. Sid i vores bar, f\u00e5 en kop kaffe og skab noget unikt.","robots":{"index":"index","follow":"follow","max-snippet":"max-snippet:-1","max-image-preview":"max-image-preview:large","max-video-preview":"max-video-preview:-1"},"canonical":"https:\/\/stemning-copenhagen.dk\/en\/find-os\/","og_locale":"en_GB","og_type":"article","og_title":"Find os - Stemning Copenhagen","og_description":"Stemning Copenhagen er en workshop i K\u00f8benhavn, hvor du kan lave dit eget duftlys. Sid i vores bar, f\u00e5 en kop kaffe og skab noget unikt.","og_url":"https:\/\/stemning-copenhagen.dk\/en\/find-os\/","og_site_name":"Stemning Copenhagen","article_modified_time":"2026-03-29T09:33:47+00:00","og_image":[{"width":1920,"height":1280,"url":"https:\/\/stemning-copenhagen.dk\/wp-content\/uploads\/DSCF0660_resized-e1760684451830.jpg","type":"image\/jpeg"}],"twitter_card":"summary_large_image","twitter_misc":{"Estimated reading time":"1 minute"},"schema":{"@context":"https:\/\/schema.org","@graph":[{"@type":"WebPage","@id":"https:\/\/stemning-copenhagen.dk\/find-os\/","url":"https:\/\/stemning-copenhagen.dk\/find-os\/","name":"Find os - Stemning Copenhagen","isPartOf":{"@id":"https:\/\/stemning-copenhagen.dk\/#website"},"primaryImageOfPage":{"@id":"https:\/\/stemning-copenhagen.dk\/find-os\/#primaryimage"},"image":{"@id":"https:\/\/stemning-copenhagen.dk\/find-os\/#primaryimage"},"thumbnailUrl":"https:\/\/stemning-copenhagen.dk\/wp-content\/uploads\/DSCF0660_resized-e1760684451830.jpg","datePublished":"2023-11-01T13:31:17+00:00","dateModified":"2026-03-29T09:33:47+00:00","description":"Stemning Copenhagen er en workshop i K\u00f8benhavn, hvor du kan lave dit eget duftlys. Sid i vores bar, f\u00e5 en kop kaffe og skab noget unikt.","inLanguage":"en-GB","potentialAction":[{"@type":"ReadAction","target":["https:\/\/stemning-copenhagen.dk\/find-os\/"]}]},{"@type":"ImageObject","inLanguage":"en-GB","@id":"https:\/\/stemning-copenhagen.dk\/find-os\/#primaryimage","url":"https:\/\/stemning-copenhagen.dk\/wp-content\/uploads\/DSCF0660_resized-e1760684451830.jpg","contentUrl":"https:\/\/stemning-copenhagen.dk\/wp-content\/uploads\/DSCF0660_resized-e1760684451830.jpg"},{"@type":"WebSite","@id":"https:\/\/stemning-copenhagen.dk\/#website","url":"https:\/\/stemning-copenhagen.dk\/","name":"Stemning Copenhagen","description":"Duftlys caf\u00e9","publisher":{"@id":"https:\/\/stemning-copenhagen.dk\/#organization"},"potentialAction":[{"@type":"SearchAction","target":{"@type":"EntryPoint","urlTemplate":"https:\/\/stemning-copenhagen.dk\/?s={search_term_string}"},"query-input":{"@type":"PropertyValueSpecification","valueRequired":true,"valueName":"search_term_string"}}],"inLanguage":"en-GB"},{"@type":"Organization","@id":"https:\/\/stemning-copenhagen.dk\/#organization","name":"Stemning Copenhagen","url":"https:\/\/stemning-copenhagen.dk\/","logo":{"@type":"ImageObject","inLanguage":"en-GB","@id":"https:\/\/stemning-copenhagen.dk\/#\/schema\/logo\/image\/","url":"https:\/\/stemning-copenhagen.dk\/wp-content\/uploads\/logo-black.svg","contentUrl":"https:\/\/stemning-copenhagen.dk\/wp-content\/uploads\/logo-black.svg","width":552.18,"height":125.37,"caption":"Stemning Copenhagen"},"image":{"@id":"https:\/\/stemning-copenhagen.dk\/#\/schema\/logo\/image\/"}}]}},"_links":{"self":[{"href":"https:\/\/stemning-copenhagen.dk\/en\/wp-json\/wp\/v2\/pages\/1088","targetHints":{"allow":["GET"]}}],"collection":[{"href":"https:\/\/stemning-copenhagen.dk\/en\/wp-json\/wp\/v2\/pages"}],"about":[{"href":"https:\/\/stemning-copenhagen.dk\/en\/wp-json\/wp\/v2\/types\/page"}],"author":[{"embeddable":true,"href":"https:\/\/stemning-copenhagen.dk\/en\/wp-json\/wp\/v2\/users\/1"}],"replies":[{"embeddable":true,"href":"https:\/\/stemning-copenhagen.dk\/en\/wp-json\/wp\/v2\/comments?post=1088"}],"version-history":[{"count":20,"href":"https:\/\/stemning-copenhagen.dk\/en\/wp-json\/wp\/v2\/pages\/1088\/revisions"}],"predecessor-version":[{"id":8804,"href":"https:\/\/stemning-copenhagen.dk\/en\/wp-json\/wp\/v2\/pages\/1088\/revisions\/8804"}],"wp:attachment":[{"href":"https:\/\/stemning-copenhagen.dk\/en\/wp-json\/wp\/v2\/media?parent=1088"}],"curies":[{"name":"wp","href":"https:\/\/api.w.org\/{rel}","templated":true}]}}