{"id":1789,"date":"2025-01-14T12:17:50","date_gmt":"2025-01-14T11:17:50","guid":{"rendered":"https:\/\/stemning-copenhagen.dk\/?page_id=1789"},"modified":"2026-02-19T10:10:25","modified_gmt":"2026-02-19T09:10:25","slug":"handelsbetingelser","status":"publish","type":"page","link":"https:\/\/stemning-copenhagen.dk\/en\/handelsbetingelser\/","title":{"rendered":"Terms and Conditions"},"content":{"rendered":"<div data-elementor-type=\"wp-page\" data-elementor-id=\"1789\" class=\"elementor elementor-1789\" data-elementor-post-type=\"page\">\n\t\t\t\t<div class=\"elementor-element elementor-element-ad1a0cf e-flex e-con-boxed e-con e-parent\" data-id=\"ad1a0cf\" data-element_type=\"container\" data-e-type=\"container\" data-settings=\"{&quot;background_background&quot;:&quot;classic&quot;,&quot;shape_divider_bottom&quot;:&quot;waves&quot;,&quot;jet_parallax_layout_list&quot;:[],&quot;animation&quot;:&quot;none&quot;}\">\n\t\t\t\t\t<div class=\"e-con-inner\">\n\t\t\t\t<div class=\"elementor-shape elementor-shape-bottom\" aria-hidden=\"true\" data-negative=\"false\">\n\t\t\t<svg xmlns=\"http:\/\/www.w3.org\/2000\/svg\" viewbox=\"0 0 1000 100\" preserveaspectratio=\"none\">\n\t<path class=\"elementor-shape-fill\" d=\"M421.9,6.5c22.6-2.5,51.5,0.4,75.5,5.3c23.6,4.9,70.9,23.5,100.5,35.7c75.8,32.2,133.7,44.5,192.6,49.7\tc23.6,2.1,48.7,3.5,103.4-2.5c54.7-6,106.2-25.6,106.2-25.6V0H0v30.3c0,0,72,32.6,158.4,30.5c39.2-0.7,92.8-6.7,134-22.4\tc21.2-8.1,52.2-18.2,79.7-24.2C399.3,7.9,411.6,7.5,421.9,6.5z\"\/>\n<\/svg>\t\t<\/div>\n\t\t<div class=\"elementor-element elementor-element-731ce30 e-con-full e-flex e-con e-child\" data-id=\"731ce30\" data-element_type=\"container\" data-e-type=\"container\" data-settings=\"{&quot;jet_parallax_layout_list&quot;:[]}\">\n\t\t\t\t<div class=\"elementor-element elementor-element-340dfc8 animated-slow elementor-widget elementor-widget-text-editor\" data-id=\"340dfc8\" data-element_type=\"widget\" data-e-type=\"widget\" data-settings=\"{&quot;_animation&quot;:&quot;none&quot;}\" data-widget_type=\"text-editor.default\">\n\t\t\t\t<div class=\"elementor-widget-container\">\n\t\t\t\t\t\t\t\t\t<h4>Ansvar og reklamation<\/h4><p><!-- \/wp:heading --><\/p>\t\t\t\t\t\t\t\t<\/div>\n\t\t\t\t<\/div>\n\t\t\t\t<div class=\"elementor-element elementor-element-2291565 animated-slow elementor-widget elementor-widget-text-editor\" data-id=\"2291565\" data-element_type=\"widget\" data-e-type=\"widget\" data-settings=\"{&quot;_animation&quot;:&quot;none&quot;}\" data-widget_type=\"text-editor.default\">\n\t\t\t\t<div class=\"elementor-widget-container\">\n\t\t\t\t\t\t\t\t\t<h4>Reklamationsret<\/h4><p><!-- \/wp:heading --><\/p>\t\t\t\t\t\t\t\t<\/div>\n\t\t\t\t<\/div>\n\t\t\t\t<div class=\"elementor-element elementor-element-015a4e5 animated-slow elementor-widget elementor-widget-text-editor\" data-id=\"015a4e5\" data-element_type=\"widget\" data-e-type=\"widget\" data-settings=\"{&quot;_animation&quot;:&quot;none&quot;}\" data-widget_type=\"text-editor.default\">\n\t\t\t\t<div class=\"elementor-widget-container\">\n\t\t\t\t\t\t\t\t\t<h3><span style=\"color: rgba(32, 32, 32, 0.82); font-size: 16px;\">At <\/span><strong style=\"color: rgba(32, 32, 32, 0.82); font-size: 16px;\" data-start=\"374\" data-end=\"397\">Stemning Copenhagen<\/strong><span style=\"color: rgba(32, 32, 32, 0.82); font-size: 16px;\"> tilbyder vi workshops og produkter, hvor du som kunde selv er med til at skabe dit duftlys.<\/span><\/h3><p data-start=\"370\" data-end=\"602\">Da duften, farven og designet bliver valgt og blandet af dig, er det <strong data-start=\"561\" data-end=\"599\">dit eget unikke h\u00e5ndlavede produkt<\/strong>.<\/p><p data-start=\"604\" data-end=\"622\"><strong data-start=\"604\" data-end=\"622\">Bem\u00e6rk derfor:<\/strong><\/p><ul data-start=\"623\" data-end=\"1301\"><li data-start=\"623\" data-end=\"865\"><p data-start=\"625\" data-end=\"865\">Vi kan <strong data-start=\"632\" data-end=\"682\">ikke tilbyde fortrydelsesret eller refundering<\/strong>, n\u00e5r produktet er lavet af dig selv under en workshop eller ved k\u00f8b af &#8220;Lav-selv&#8221;-s\u00e6t, medmindre der er tale om en <strong data-start=\"798\" data-end=\"818\">fabrikationsfejl<\/strong> eller <strong data-start=\"825\" data-end=\"862\">manglende kvalitet i materialerne<\/strong>.<br \/><br \/><\/p><\/li><li data-start=\"866\" data-end=\"1062\"><p data-start=\"868\" data-end=\"1062\">Hvis du efterf\u00f8lgende ikke er tilfreds med den duft, du selv har sammensat, eller hvis du fortryder dit valg <strong data-start=\"977\" data-end=\"1000\">efter brug af lyset<\/strong>, kan vi desv\u00e6rre <strong data-start=\"1018\" data-end=\"1059\">ikke tilbyde ombytning eller refusion<\/strong>.<br \/><br \/><\/p><\/li><li data-start=\"1063\" data-end=\"1301\"><p data-start=\"1065\" data-end=\"1301\">Vi st\u00e5r selvf\u00f8lgelig inde for kvaliteten af vores <strong data-start=\"1115\" data-end=\"1131\">r\u00e5materialer<\/strong> (sojavoks, v\u00e6ger, olier m.m.). Skulle du opleve fejl i materialet (fx defekt v\u00e6ge eller ubrugelig voks), bedes du kontakte os hurtigst muligt, s\u00e5 finder vi en l\u00f8sning.<br \/><br \/><\/p><\/li><\/ul><p data-start=\"1303\" data-end=\"1467\">M\u00e5let er, at du f\u00e5r et personligt duftlys, som du er tilfreds med. Vi st\u00e5r klar med vejledning undervejs, men ansvaret for det endelige resultat ligger hos dig.<\/p><p><!-- \/wp:heading --><\/p>\t\t\t\t\t\t\t\t<\/div>\n\t\t\t\t<\/div>\n\t\t\t\t<div class=\"elementor-element elementor-element-135b3f3 animated-slow elementor-widget elementor-widget-text-editor\" data-id=\"135b3f3\" data-element_type=\"widget\" data-e-type=\"widget\" data-settings=\"{&quot;_animation&quot;:&quot;none&quot;}\" data-widget_type=\"text-editor.default\">\n\t\t\t\t<div class=\"elementor-widget-container\">\n\t\t\t\t\t\t\t\t\t<h3 style=\"color: #202020; font-family: Questrial, sans-serif;\" data-start=\"159\" data-end=\"182\"><span style=\"color: rgba(32, 32, 32, 0.82); font-size: 16px; font-family: inherit;\">At<\/span><span style=\"color: rgba(32, 32, 32, 0.82); font-size: 16px; font-family: inherit;\">\u00a0<\/span><span style=\"color: rgba(32, 32, 32, 0.82); font-size: 16px; font-family: inherit; font-weight: bolder;\" data-start=\"188\" data-end=\"211\">Stemning Copenhagen<\/span><span style=\"color: rgba(32, 32, 32, 0.82); font-size: 16px; font-family: inherit;\">\u00a0<\/span><span style=\"color: rgba(32, 32, 32, 0.82); font-size: 16px; font-family: inherit;\">f\u00f8lger vi den danske k\u00f8belov, som giver<\/span><span style=\"color: rgba(32, 32, 32, 0.82); font-size: 16px; font-family: inherit;\">\u00a0<\/span><span style=\"color: rgba(32, 32, 32, 0.82); font-size: 16px; font-family: inherit; font-weight: bolder;\" data-start=\"252\" data-end=\"277\">2 \u00e5rs reklamationsret<\/span><span style=\"color: rgba(32, 32, 32, 0.82); font-size: 16px; font-family: inherit;\">\u00a0<\/span><span style=\"color: rgba(32, 32, 32, 0.82); font-size: 16px; font-family: inherit;\">p\u00e5 varer. Det betyder, at du som kunde kan klage over fejl eller mangler, der skyldes<\/span><span style=\"color: rgba(32, 32, 32, 0.82); font-size: 16px; font-family: inherit;\">\u00a0<\/span><span style=\"color: rgba(32, 32, 32, 0.82); font-size: 16px; font-family: inherit; font-weight: bolder;\" data-start=\"364\" data-end=\"400\">materiale- eller produktionsfejl<\/span><span style=\"color: rgba(32, 32, 32, 0.82); font-size: 16px; font-family: inherit;\">.<\/span><\/h3><ul style=\"background-color: #e6ddcf; font-size: 16px; color: rgba(32, 32, 32, 0.82);\" data-start=\"441\" data-end=\"712\"><li style=\"font-size: 16px;\" data-start=\"666\" data-end=\"712\"><p data-start=\"126\" data-end=\"163\"><strong data-start=\"126\" data-end=\"161\">Reklamationsretten d\u00e6kker ikke:<\/strong><\/p><ul data-start=\"165\" data-end=\"453\"><li data-start=\"165\" data-end=\"305\"><p data-start=\"167\" data-end=\"305\">Utilfredshed med duft, farve eller udseende af voks eller duft, n\u00e5r du selv har skabt produktet (fx via workshops eller &#8220;Lav-selv&#8221;-s\u00e6t).<\/p><\/li><li data-start=\"306\" data-end=\"404\"><p data-start=\"308\" data-end=\"404\">Skader eller fejl, der opst\u00e5r som f\u00f8lge af forkert brug, opbevaring eller afbr\u00e6nding af lyset.<\/p><\/li><li data-start=\"405\" data-end=\"453\"><p data-start=\"407\" data-end=\"453\">Fortrydelse efter produktet er taget i brug.<\/p><\/li><li data-start=\"405\" data-end=\"453\">Reklamation kan kun g\u00e6lde, hvis produktet ikke er taget i brug, eller hvis det ikke fungerer som forventet. Vi vurderer hver enkelt sag individuelt og tager udgangspunkt i en fair l\u00f8sning.<\/li><\/ul><p data-start=\"455\" data-end=\"562\"><em data-start=\"455\" data-end=\"560\">Bem\u00e6rk: Reklamation kan alene g\u00e6lde for glasset, hvis dette er defekt eller beskadiget ved modtagelsen.<\/em><\/p><\/li><\/ul><p>\u00a0<\/p><p style=\"color: rgba(32, 32, 32, 0.82); font-size: 16px;\" data-start=\"714\" data-end=\"1093\">Hvis du oplever en fejl ved et af vores materialer (fx defekt v\u00e6ge, beskadiget glas eller problemer med voksens kvalitet), bedes du kontakte os hurtigst muligt p\u00e5\u00a0<a style=\"text-decoration: underline; font-family: Questrial, sans-serif; font-weight: 300; font-style: normal; align-items: center; font-size: 16px; width: 287px; justify-content: flex-start; display: inline !important;\" href=\"mailto:info@stemning-copenhagen.dk\" data-cmp-ab=\"2\"><span style=\"color: #00000; align-self: center; padding-inline-start: 5px; transition: color 3s;\">info@stemning-copenhagen.dk<\/span><\/a> med en kort beskrivelse og evt. billede af fejlen.<\/p><div id=\"Text--text_aTDayP\" class=\"text__content\"><p>Her anses max. 1 m\u00e5ned som rimelig tid, med mindre andet er aftalt.\u2028<br \/>Reklamationen frafalder ved forkert eller ualmindelig betjening af produktet.<\/p><\/div><div class=\"text__icon-wrapper\"><div class=\"text__icon icon-stroke\">\u00a0<\/div><\/div><p style=\"color: rgba(32, 32, 32, 0.82); font-size: 16px;\" data-start=\"714\" data-end=\"1093\">Vi vurderer sagen individuelt og vender tilbage med den bedst mulige l\u00f8sning \u2013det kan v\u00e6re et\u00a0<span style=\"font-weight: bolder;\" data-start=\"323\" data-end=\"383\">tilgodebevis, en ombytning, reparation eller refundering<\/span>, afh\u00e6ngigt af situationen.<\/p><p>Vi \u00f8nsker, at du f\u00e5r den bedste oplevelse med dine produkter fra Stemning Copenhagen, og vi hj\u00e6lper altid gerne med vejledning og gode r\u00e5d, s\u00e5 dit duftlys bliver en succes.<span style=\"color: #202020; font-size: 32px;\">\u00a0<\/span><\/p><p><!-- \/wp:heading --><\/p>\t\t\t\t\t\t\t\t<\/div>\n\t\t\t\t<\/div>\n\t\t\t\t<div class=\"elementor-element elementor-element-2aca465 animated-slow elementor-widget elementor-widget-text-editor\" data-id=\"2aca465\" data-element_type=\"widget\" data-e-type=\"widget\" data-settings=\"{&quot;_animation&quot;:&quot;none&quot;}\" data-widget_type=\"text-editor.default\">\n\t\t\t\t<div class=\"elementor-widget-container\">\n\t\t\t\t\t\t\t\t\t<h4>Afhentning og ansvar<\/h4><p><!-- \/wp:heading --><\/p>\t\t\t\t\t\t\t\t<\/div>\n\t\t\t\t<\/div>\n\t\t\t\t<div class=\"elementor-element elementor-element-78a4935 animated-slow elementor-widget elementor-widget-text-editor\" data-id=\"78a4935\" data-element_type=\"widget\" data-e-type=\"widget\" data-settings=\"{&quot;_animation&quot;:&quot;none&quot;}\" data-widget_type=\"text-editor.default\">\n\t\t\t\t<div class=\"elementor-widget-container\">\n\t\t\t\t\t\t\t\t\t<h3 style=\"color: #202020; font-family: Questrial, sans-serif;\" data-start=\"407\" data-end=\"436\"><span style=\"color: rgba(32, 32, 32, 0.82); font-size: 16px; font-family: inherit;\">N\u00e5r du deltager i en workshop eller afhenter dit duftlys hos\u00a0<\/span><span style=\"color: rgba(32, 32, 32, 0.82); font-size: 16px; font-family: inherit; font-weight: bolder;\" data-start=\"498\" data-end=\"521\">Stemning Copenhagen<\/span><span style=\"color: rgba(32, 32, 32, 0.82); font-size: 16px; font-family: inherit;\">, bekr\u00e6fter du som kunde, at det\u00a0<\/span><span style=\"color: rgba(32, 32, 32, 0.82); font-size: 16px; font-family: inherit; font-weight: bolder;\" data-start=\"554\" data-end=\"591\">afhentede lys er dit eget produkt<\/span><span style=\"color: rgba(32, 32, 32, 0.82); font-size: 16px; font-family: inherit;\">.<\/span><\/h3><p style=\"color: rgba(32, 32, 32, 0.82); font-size: 16px;\" data-start=\"437\" data-end=\"848\"><br data-start=\"592\" data-end=\"595\" \/>Vi anbefaler altid, at du\u00a0<span style=\"font-weight: bolder;\" data-start=\"621\" data-end=\"664\">kontrollerer lys og duft ved afhentning<\/span>, da vi\u00a0<span style=\"font-weight: bolder;\" data-start=\"672\" data-end=\"719\">ikke kan tilbyde erstatning eller ombytning<\/span>, hvis du efterf\u00f8lgende mener, at det afhentede lys ikke er dit eget, eller hvis du fortryder valg af duft, farve eller design.<\/p><p style=\"color: rgba(32, 32, 32, 0.82); font-size: 16px;\" data-start=\"850\" data-end=\"1059\">Da alle lys er\u00a0<span style=\"font-weight: bolder;\" data-start=\"865\" data-end=\"889\">h\u00e5ndlavede og unikke<\/span>, kan der forekomme sm\u00e5 variationer i farve, overflade og duftintensitet \u2013 dette betragtes som en naturlig del af det h\u00e5ndlavede udtryk og er ikke en reklamationsgrund.<\/p><p><!-- \/wp:heading --><\/p>\t\t\t\t\t\t\t\t<\/div>\n\t\t\t\t<\/div>\n\t\t\t\t<\/div>\n\t\t\t\t<div class=\"elementor-element elementor-element-b9abebc elementor-widget__width-inherit elementor-widget elementor-widget-heading\" data-id=\"b9abebc\" data-element_type=\"widget\" data-e-type=\"widget\" data-widget_type=\"heading.default\">\n\t\t\t\t<div class=\"elementor-widget-container\">\n\t\t\t\t\t<h1 class=\"elementor-heading-title elementor-size-default\">Terms and Conditions<\/h1>\t\t\t\t<\/div>\n\t\t\t\t<\/div>\n\t\t\t\t\t<\/div>\n\t\t\t\t<\/div>\n\t\t\t\t<\/div>","protected":false},"excerpt":{"rendered":"<p>Ansvar og reklamation Reklamationsret Hos Stemning Copenhagen tilbyder vi workshops og produkter, hvor du som kunde selv er med til at skabe dit duftlys. Da duften, farven og designet bliver valgt og blandet af dig, er det dit eget unikke h\u00e5ndlavede produkt. Bem\u00e6rk derfor: Vi kan ikke tilbyde fortrydelsesret eller refundering, n\u00e5r produktet er lavet [&hellip;]<\/p>\n","protected":false},"author":1,"featured_media":0,"parent":0,"menu_order":0,"comment_status":"closed","ping_status":"closed","template":"","meta":{"_acf_changed":false,"footnotes":""},"class_list":["post-1789","page","type-page","status-publish","hentry"],"acf":[],"yoast_head":"<!-- This site is optimized with the Yoast SEO plugin v27.6 - https:\/\/yoast.com\/product\/yoast-seo-wordpress\/ -->\n<title>Handelsbetingelser - Stemning Copenhagen<\/title>\n<meta name=\"robots\" content=\"index, follow, max-snippet:-1, max-image-preview:large, max-video-preview:-1\" \/>\n<link rel=\"canonical\" href=\"https:\/\/stemning-copenhagen.dk\/en\/handelsbetingelser\/\" \/>\n<meta property=\"og:locale\" content=\"en_GB\" \/>\n<meta property=\"og:type\" content=\"article\" \/>\n<meta property=\"og:title\" content=\"Handelsbetingelser - Stemning Copenhagen\" \/>\n<meta property=\"og:description\" content=\"Ansvar og reklamation Reklamationsret Hos Stemning Copenhagen tilbyder vi workshops og produkter, hvor du som kunde selv er med til at skabe dit duftlys. Da duften, farven og designet bliver valgt og blandet af dig, er det dit eget unikke h\u00e5ndlavede produkt. Bem\u00e6rk derfor: Vi kan ikke tilbyde fortrydelsesret eller refundering, n\u00e5r produktet er lavet [&hellip;]\" \/>\n<meta property=\"og:url\" content=\"https:\/\/stemning-copenhagen.dk\/en\/handelsbetingelser\/\" \/>\n<meta property=\"og:site_name\" content=\"Stemning Copenhagen\" \/>\n<meta property=\"article:modified_time\" content=\"2026-02-19T09:10:25+00:00\" \/>\n<meta name=\"twitter:card\" content=\"summary_large_image\" \/>\n<meta name=\"twitter:label1\" content=\"Estimated reading time\" \/>\n\t<meta name=\"twitter:data1\" content=\"3 minutes\" \/>\n<script type=\"application\/ld+json\" class=\"yoast-schema-graph\">{\"@context\":\"https:\\\/\\\/schema.org\",\"@graph\":[{\"@type\":\"WebPage\",\"@id\":\"https:\\\/\\\/stemning-copenhagen.dk\\\/handelsbetingelser\\\/\",\"url\":\"https:\\\/\\\/stemning-copenhagen.dk\\\/handelsbetingelser\\\/\",\"name\":\"Handelsbetingelser - Stemning Copenhagen\",\"isPartOf\":{\"@id\":\"https:\\\/\\\/stemning-copenhagen.dk\\\/#website\"},\"datePublished\":\"2025-01-14T11:17:50+00:00\",\"dateModified\":\"2026-02-19T09:10:25+00:00\",\"inLanguage\":\"en-GB\",\"potentialAction\":[{\"@type\":\"ReadAction\",\"target\":[\"https:\\\/\\\/stemning-copenhagen.dk\\\/handelsbetingelser\\\/\"]}]},{\"@type\":\"WebSite\",\"@id\":\"https:\\\/\\\/stemning-copenhagen.dk\\\/#website\",\"url\":\"https:\\\/\\\/stemning-copenhagen.dk\\\/\",\"name\":\"Stemning Copenhagen\",\"description\":\"Duftlys caf\u00e9\",\"publisher\":{\"@id\":\"https:\\\/\\\/stemning-copenhagen.dk\\\/#organization\"},\"potentialAction\":[{\"@type\":\"SearchAction\",\"target\":{\"@type\":\"EntryPoint\",\"urlTemplate\":\"https:\\\/\\\/stemning-copenhagen.dk\\\/?s={search_term_string}\"},\"query-input\":{\"@type\":\"PropertyValueSpecification\",\"valueRequired\":true,\"valueName\":\"search_term_string\"}}],\"inLanguage\":\"en-GB\"},{\"@type\":\"Organization\",\"@id\":\"https:\\\/\\\/stemning-copenhagen.dk\\\/#organization\",\"name\":\"Stemning Copenhagen\",\"url\":\"https:\\\/\\\/stemning-copenhagen.dk\\\/\",\"logo\":{\"@type\":\"ImageObject\",\"inLanguage\":\"en-GB\",\"@id\":\"https:\\\/\\\/stemning-copenhagen.dk\\\/#\\\/schema\\\/logo\\\/image\\\/\",\"url\":\"https:\\\/\\\/stemning-copenhagen.dk\\\/wp-content\\\/uploads\\\/logo-black.svg\",\"contentUrl\":\"https:\\\/\\\/stemning-copenhagen.dk\\\/wp-content\\\/uploads\\\/logo-black.svg\",\"width\":552.18,\"height\":125.37,\"caption\":\"Stemning Copenhagen\"},\"image\":{\"@id\":\"https:\\\/\\\/stemning-copenhagen.dk\\\/#\\\/schema\\\/logo\\\/image\\\/\"}}]}<\/script>\n<!-- \/ Yoast SEO plugin. -->","yoast_head_json":{"title":"Handelsbetingelser - Stemning Copenhagen","robots":{"index":"index","follow":"follow","max-snippet":"max-snippet:-1","max-image-preview":"max-image-preview:large","max-video-preview":"max-video-preview:-1"},"canonical":"https:\/\/stemning-copenhagen.dk\/en\/handelsbetingelser\/","og_locale":"en_GB","og_type":"article","og_title":"Handelsbetingelser - Stemning Copenhagen","og_description":"Ansvar og reklamation Reklamationsret Hos Stemning Copenhagen tilbyder vi workshops og produkter, hvor du som kunde selv er med til at skabe dit duftlys. Da duften, farven og designet bliver valgt og blandet af dig, er det dit eget unikke h\u00e5ndlavede produkt. Bem\u00e6rk derfor: Vi kan ikke tilbyde fortrydelsesret eller refundering, n\u00e5r produktet er lavet [&hellip;]","og_url":"https:\/\/stemning-copenhagen.dk\/en\/handelsbetingelser\/","og_site_name":"Stemning Copenhagen","article_modified_time":"2026-02-19T09:10:25+00:00","twitter_card":"summary_large_image","twitter_misc":{"Estimated reading time":"3 minutes"},"schema":{"@context":"https:\/\/schema.org","@graph":[{"@type":"WebPage","@id":"https:\/\/stemning-copenhagen.dk\/handelsbetingelser\/","url":"https:\/\/stemning-copenhagen.dk\/handelsbetingelser\/","name":"Handelsbetingelser - Stemning Copenhagen","isPartOf":{"@id":"https:\/\/stemning-copenhagen.dk\/#website"},"datePublished":"2025-01-14T11:17:50+00:00","dateModified":"2026-02-19T09:10:25+00:00","inLanguage":"en-GB","potentialAction":[{"@type":"ReadAction","target":["https:\/\/stemning-copenhagen.dk\/handelsbetingelser\/"]}]},{"@type":"WebSite","@id":"https:\/\/stemning-copenhagen.dk\/#website","url":"https:\/\/stemning-copenhagen.dk\/","name":"Stemning Copenhagen","description":"Duftlys caf\u00e9","publisher":{"@id":"https:\/\/stemning-copenhagen.dk\/#organization"},"potentialAction":[{"@type":"SearchAction","target":{"@type":"EntryPoint","urlTemplate":"https:\/\/stemning-copenhagen.dk\/?s={search_term_string}"},"query-input":{"@type":"PropertyValueSpecification","valueRequired":true,"valueName":"search_term_string"}}],"inLanguage":"en-GB"},{"@type":"Organization","@id":"https:\/\/stemning-copenhagen.dk\/#organization","name":"Stemning Copenhagen","url":"https:\/\/stemning-copenhagen.dk\/","logo":{"@type":"ImageObject","inLanguage":"en-GB","@id":"https:\/\/stemning-copenhagen.dk\/#\/schema\/logo\/image\/","url":"https:\/\/stemning-copenhagen.dk\/wp-content\/uploads\/logo-black.svg","contentUrl":"https:\/\/stemning-copenhagen.dk\/wp-content\/uploads\/logo-black.svg","width":552.18,"height":125.37,"caption":"Stemning Copenhagen"},"image":{"@id":"https:\/\/stemning-copenhagen.dk\/#\/schema\/logo\/image\/"}}]}},"_links":{"self":[{"href":"https:\/\/stemning-copenhagen.dk\/en\/wp-json\/wp\/v2\/pages\/1789","targetHints":{"allow":["GET"]}}],"collection":[{"href":"https:\/\/stemning-copenhagen.dk\/en\/wp-json\/wp\/v2\/pages"}],"about":[{"href":"https:\/\/stemning-copenhagen.dk\/en\/wp-json\/wp\/v2\/types\/page"}],"author":[{"embeddable":true,"href":"https:\/\/stemning-copenhagen.dk\/en\/wp-json\/wp\/v2\/users\/1"}],"replies":[{"embeddable":true,"href":"https:\/\/stemning-copenhagen.dk\/en\/wp-json\/wp\/v2\/comments?post=1789"}],"version-history":[{"count":20,"href":"https:\/\/stemning-copenhagen.dk\/en\/wp-json\/wp\/v2\/pages\/1789\/revisions"}],"predecessor-version":[{"id":8245,"href":"https:\/\/stemning-copenhagen.dk\/en\/wp-json\/wp\/v2\/pages\/1789\/revisions\/8245"}],"wp:attachment":[{"href":"https:\/\/stemning-copenhagen.dk\/en\/wp-json\/wp\/v2\/media?parent=1789"}],"curies":[{"name":"wp","href":"https:\/\/api.w.org\/{rel}","templated":true}]}}