{"id":8941,"date":"2026-04-03T11:22:32","date_gmt":"2026-04-03T09:22:32","guid":{"rendered":"https:\/\/stemning-copenhagen.dk\/?page_id=8941"},"modified":"2026-04-03T11:43:20","modified_gmt":"2026-04-03T09:43:20","slug":"job","status":"publish","type":"page","link":"https:\/\/stemning-copenhagen.dk\/en\/job\/","title":{"rendered":"job"},"content":{"rendered":"<div data-elementor-type=\"wp-page\" data-elementor-id=\"8941\" class=\"elementor elementor-8941\" data-elementor-post-type=\"page\">\n\t\t\t\t<div class=\"elementor-element elementor-element-d21f6a6 e-flex e-con-boxed e-con e-parent\" data-id=\"d21f6a6\" data-element_type=\"container\" data-e-type=\"container\" data-settings=\"{&quot;background_background&quot;:&quot;classic&quot;,&quot;jet_parallax_layout_list&quot;:[]}\">\n\t\t\t\t\t<div class=\"e-con-inner\">\n\t\t<div class=\"elementor-element elementor-element-4395647 e-con-full e-flex e-con e-child\" data-id=\"4395647\" data-element_type=\"container\" data-e-type=\"container\" data-settings=\"{&quot;jet_parallax_layout_list&quot;:[]}\">\n\t\t\t\t<div class=\"elementor-element elementor-element-a921ca1 elementor-widget elementor-widget-text-editor\" data-id=\"a921ca1\" data-element_type=\"widget\" data-e-type=\"widget\" data-widget_type=\"text-editor.default\">\n\t\t\t\t<div class=\"elementor-widget-container\">\n\t\t\t\t\t\t\t\t\t<p>Job<\/p>\t\t\t\t\t\t\t\t<\/div>\n\t\t\t\t<\/div>\n\t\t\t\t<div class=\"elementor-element elementor-element-997f558 elementor-widget elementor-widget-heading\" data-id=\"997f558\" data-element_type=\"widget\" data-e-type=\"widget\" data-widget_type=\"heading.default\">\n\t\t\t\t<div class=\"elementor-widget-container\">\n\t\t\t\t\t<h2 class=\"elementor-heading-title elementor-size-default\">Become part of Stemning Copenhagen<\/h2>\t\t\t\t<\/div>\n\t\t\t\t<\/div>\n\t\t\t\t<div class=\"elementor-element elementor-element-c3e5290 elementor-widget__width-inherit elementor-widget-tablet__width-initial elementor-widget elementor-widget-text-editor\" data-id=\"c3e5290\" data-element_type=\"widget\" data-e-type=\"widget\" data-widget_type=\"text-editor.default\">\n\t\t\t\t<div class=\"elementor-widget-container\">\n\t\t\t\t\t\t\t\t\t<p data-path-to-node=\"3\">We aren\u2019t just building a brand; we are setting a new standard for creative experiences. At Stemning Copenhagen, we are an ambitious team passionate about aesthetics, entrepreneurship, and the art of guiding others in their own craft.<\/p>\t\t\t\t\t\t\t\t<\/div>\n\t\t\t\t<\/div>\n\t\t<div class=\"elementor-element elementor-element-4ee2328 e-con-full e-flex e-con e-child\" data-id=\"4ee2328\" data-element_type=\"container\" data-e-type=\"container\" data-settings=\"{&quot;jet_parallax_layout_list&quot;:[]}\">\n\t\t\t\t<div class=\"elementor-element elementor-element-5354278 elementor-align-center elementor-mobile-align-justify elementor-widget__width-auto elementor-widget-mobile__width-inherit elementor-widget elementor-widget-button\" data-id=\"5354278\" data-element_type=\"widget\" data-e-type=\"widget\" data-widget_type=\"button.default\">\n\t\t\t\t<div class=\"elementor-widget-container\">\n\t\t\t\t\t\t\t\t\t<div class=\"elementor-button-wrapper\">\n\t\t\t\t\t<a class=\"elementor-button elementor-button-link elementor-size-sm\" href=\"#stillinger\" id=\"stillinger\">\n\t\t\t\t\t\t<span class=\"elementor-button-content-wrapper\">\n\t\t\t\t\t\t\t\t\t<span class=\"elementor-button-text\">See vacancies<\/span>\n\t\t\t\t\t<\/span>\n\t\t\t\t\t<\/a>\n\t\t\t\t<\/div>\n\t\t\t\t\t\t\t\t<\/div>\n\t\t\t\t<\/div>\n\t\t\t\t<div class=\"elementor-element elementor-element-2eebeeb elementor-align-left elementor-mobile-align-justify elementor-widget-tablet__width-auto elementor-widget-mobile__width-inherit elementor-widget elementor-widget-button\" data-id=\"2eebeeb\" data-element_type=\"widget\" data-e-type=\"widget\" data-widget_type=\"button.default\">\n\t\t\t\t<div class=\"elementor-widget-container\">\n\t\t\t\t\t\t\t\t\t<div class=\"elementor-button-wrapper\">\n\t\t\t\t\t<a class=\"elementor-button elementor-button-link elementor-size-sm\" href=\"mailto:job@stemning-copenhagen.dk\">\n\t\t\t\t\t\t<span class=\"elementor-button-content-wrapper\">\n\t\t\t\t\t\t\t\t\t<span class=\"elementor-button-text\">Send an usolicited application<\/span>\n\t\t\t\t\t<\/span>\n\t\t\t\t\t<\/a>\n\t\t\t\t<\/div>\n\t\t\t\t\t\t\t\t<\/div>\n\t\t\t\t<\/div>\n\t\t\t\t<\/div>\n\t\t\t\t<\/div>\n\t\t\t\t\t<\/div>\n\t\t\t\t<\/div>\n\t\t<div class=\"elementor-element elementor-element-4656d09 e-grid e-con-boxed e-con e-parent\" data-id=\"4656d09\" data-element_type=\"container\" data-e-type=\"container\" data-settings=\"{&quot;background_background&quot;:&quot;classic&quot;,&quot;jet_parallax_layout_list&quot;:[]}\">\n\t\t\t\t\t<div class=\"e-con-inner\">\n\t\t\t\t<div class=\"elementor-element elementor-element-d6de5f4 elementor-widget__width-inherit elementor-widget elementor-widget-image\" data-id=\"d6de5f4\" data-element_type=\"widget\" data-e-type=\"widget\" data-widget_type=\"image.default\">\n\t\t\t\t<div class=\"elementor-widget-container\">\n\t\t\t\t\t\t\t\t\t\t\t\t\t\t\t<img loading=\"lazy\" decoding=\"async\" width=\"1200\" height=\"1200\" src=\"https:\/\/stemning-copenhagen.dk\/wp-content\/uploads\/IMG_5628-e1775072390932.jpg\" class=\"attachment-full size-full wp-image-8948\" alt=\"\" srcset=\"https:\/\/stemning-copenhagen.dk\/wp-content\/uploads\/IMG_5628-e1775072390932.jpg 1200w, https:\/\/stemning-copenhagen.dk\/wp-content\/uploads\/IMG_5628-e1775072390932-300x300.jpg 300w, https:\/\/stemning-copenhagen.dk\/wp-content\/uploads\/IMG_5628-e1775072390932-1024x1024.jpg 1024w, https:\/\/stemning-copenhagen.dk\/wp-content\/uploads\/IMG_5628-e1775072390932-150x150.jpg 150w, https:\/\/stemning-copenhagen.dk\/wp-content\/uploads\/IMG_5628-e1775072390932-768x768.jpg 768w, https:\/\/stemning-copenhagen.dk\/wp-content\/uploads\/IMG_5628-e1775072390932-12x12.jpg 12w, https:\/\/stemning-copenhagen.dk\/wp-content\/uploads\/IMG_5628-e1775072390932-600x600.jpg 600w, https:\/\/stemning-copenhagen.dk\/wp-content\/uploads\/IMG_5628-e1775072390932-250x250.jpg 250w\" sizes=\"auto, (max-width: 1200px) 100vw, 1200px\" \/>\t\t\t\t\t\t\t\t\t\t\t\t\t\t\t<\/div>\n\t\t\t\t<\/div>\n\t\t\t\t<div class=\"elementor-element elementor-element-b61a8d9 elementor-widget__width-inherit elementor-widget elementor-widget-image\" data-id=\"b61a8d9\" data-element_type=\"widget\" data-e-type=\"widget\" data-widget_type=\"image.default\">\n\t\t\t\t<div class=\"elementor-widget-container\">\n\t\t\t\t\t\t\t\t\t\t\t\t\t\t\t<img loading=\"lazy\" decoding=\"async\" width=\"1527\" height=\"1523\" src=\"https:\/\/stemning-copenhagen.dk\/wp-content\/uploads\/DSCF0154-1-1-scaled-e1774991547865.jpg\" class=\"attachment-full size-full wp-image-8598\" alt=\"\" srcset=\"https:\/\/stemning-copenhagen.dk\/wp-content\/uploads\/DSCF0154-1-1-scaled-e1774991547865.jpg 1527w, https:\/\/stemning-copenhagen.dk\/wp-content\/uploads\/DSCF0154-1-1-scaled-e1774991547865-300x300.jpg 300w, https:\/\/stemning-copenhagen.dk\/wp-content\/uploads\/DSCF0154-1-1-scaled-e1774991547865-1024x1021.jpg 1024w, https:\/\/stemning-copenhagen.dk\/wp-content\/uploads\/DSCF0154-1-1-scaled-e1774991547865-150x150.jpg 150w, https:\/\/stemning-copenhagen.dk\/wp-content\/uploads\/DSCF0154-1-1-scaled-e1774991547865-768x766.jpg 768w, https:\/\/stemning-copenhagen.dk\/wp-content\/uploads\/DSCF0154-1-1-scaled-e1774991547865-12x12.jpg 12w, https:\/\/stemning-copenhagen.dk\/wp-content\/uploads\/DSCF0154-1-1-scaled-e1774991547865-600x598.jpg 600w, https:\/\/stemning-copenhagen.dk\/wp-content\/uploads\/DSCF0154-1-1-scaled-e1774991547865-250x250.jpg 250w\" sizes=\"auto, (max-width: 1527px) 100vw, 1527px\" \/>\t\t\t\t\t\t\t\t\t\t\t\t\t\t\t<\/div>\n\t\t\t\t<\/div>\n\t\t\t\t<div class=\"elementor-element elementor-element-caf93bf elementor-widget__width-inherit elementor-widget elementor-widget-image\" data-id=\"caf93bf\" data-element_type=\"widget\" data-e-type=\"widget\" data-widget_type=\"image.default\">\n\t\t\t\t<div class=\"elementor-widget-container\">\n\t\t\t\t\t\t\t\t\t\t\t\t\t\t\t<img loading=\"lazy\" decoding=\"async\" width=\"1200\" height=\"1200\" src=\"https:\/\/stemning-copenhagen.dk\/wp-content\/uploads\/IMG_4142-e1775072463380.jpg\" class=\"attachment-full size-full wp-image-8949\" alt=\"\" srcset=\"https:\/\/stemning-copenhagen.dk\/wp-content\/uploads\/IMG_4142-e1775072463380.jpg 1200w, https:\/\/stemning-copenhagen.dk\/wp-content\/uploads\/IMG_4142-e1775072463380-300x300.jpg 300w, https:\/\/stemning-copenhagen.dk\/wp-content\/uploads\/IMG_4142-e1775072463380-1024x1024.jpg 1024w, https:\/\/stemning-copenhagen.dk\/wp-content\/uploads\/IMG_4142-e1775072463380-150x150.jpg 150w, https:\/\/stemning-copenhagen.dk\/wp-content\/uploads\/IMG_4142-e1775072463380-768x768.jpg 768w, https:\/\/stemning-copenhagen.dk\/wp-content\/uploads\/IMG_4142-e1775072463380-12x12.jpg 12w, https:\/\/stemning-copenhagen.dk\/wp-content\/uploads\/IMG_4142-e1775072463380-600x600.jpg 600w, https:\/\/stemning-copenhagen.dk\/wp-content\/uploads\/IMG_4142-e1775072463380-250x250.jpg 250w\" sizes=\"auto, (max-width: 1200px) 100vw, 1200px\" \/>\t\t\t\t\t\t\t\t\t\t\t\t\t\t\t<\/div>\n\t\t\t\t<\/div>\n\t\t\t\t\t<\/div>\n\t\t\t\t<\/div>\n\t\t<div class=\"elementor-element elementor-element-ab845b7 e-flex e-con-boxed e-con e-parent\" data-id=\"ab845b7\" data-element_type=\"container\" data-e-type=\"container\" data-settings=\"{&quot;background_background&quot;:&quot;classic&quot;,&quot;jet_parallax_layout_list&quot;:[]}\">\n\t\t\t\t\t<div class=\"e-con-inner\">\n\t\t<div class=\"elementor-element elementor-element-3ca6ad7 e-con-full e-flex e-con e-child\" data-id=\"3ca6ad7\" data-element_type=\"container\" data-e-type=\"container\" data-settings=\"{&quot;jet_parallax_layout_list&quot;:[]}\">\n\t\t\t\t<div class=\"elementor-element elementor-element-cba04fd elementor-widget__width-inherit elementor-widget elementor-widget-text-editor\" data-id=\"cba04fd\" data-element_type=\"widget\" data-e-type=\"widget\" data-widget_type=\"text-editor.default\">\n\t\t\t\t<div class=\"elementor-widget-container\">\n\t\t\t\t\t\t\t\t\t<p data-path-to-node=\"3\">We don\u2019t have any open positions at the moment. However, you are always welcome to send us a spontaneous application.<\/p>\t\t\t\t\t\t\t\t<\/div>\n\t\t\t\t<\/div>\n\t\t\t\t<div class=\"elementor-element elementor-element-abab4c7 elementor-widget__width-inherit elementor-widget elementor-widget-heading\" data-id=\"abab4c7\" data-element_type=\"widget\" data-e-type=\"widget\" data-widget_type=\"heading.default\">\n\t\t\t\t<div class=\"elementor-widget-container\">\n\t\t\t\t\t<h2 class=\"elementor-heading-title elementor-size-default\">Vacancies<\/h2>\t\t\t\t<\/div>\n\t\t\t\t<\/div>\n\t\t\t\t<div class=\"elementor-element elementor-element-49a55e0 elementor-widget elementor-widget-menu-anchor\" data-id=\"49a55e0\" data-element_type=\"widget\" data-e-type=\"widget\" data-widget_type=\"menu-anchor.default\">\n\t\t\t\t<div class=\"elementor-widget-container\">\n\t\t\t\t\t\t\t<div class=\"elementor-menu-anchor\" id=\"stillinger\"><\/div>\n\t\t\t\t\t\t<\/div>\n\t\t\t\t<\/div>\n\t\t<div class=\"elementor-element elementor-element-2172f43 e-grid elementor-hidden-tablet elementor-hidden-mobile elementor-hidden-desktop e-con-boxed e-con e-child\" data-id=\"2172f43\" data-element_type=\"container\" data-e-type=\"container\" data-settings=\"{&quot;background_background&quot;:&quot;classic&quot;,&quot;jet_parallax_layout_list&quot;:[]}\">\n\t\t\t\t\t<div class=\"e-con-inner\">\n\t\t<div class=\"elementor-element elementor-element-036664e e-con-full elementor-hidden-tablet elementor-hidden-mobile e-flex e-con e-child\" data-id=\"036664e\" data-element_type=\"container\" data-e-type=\"container\" data-settings=\"{&quot;jet_parallax_layout_list&quot;:[],&quot;background_background&quot;:&quot;classic&quot;}\">\n\t\t\t\t<div class=\"elementor-element elementor-element-ef2d42d elementor-widget elementor-widget-text-editor\" data-id=\"ef2d42d\" data-element_type=\"widget\" data-e-type=\"widget\" data-widget_type=\"text-editor.default\">\n\t\t\t\t<div class=\"elementor-widget-container\">\n\t\t\t\t\t\t\t\t\t<p data-path-to-node=\"3\"><span style=\"text-decoration: underline;\">Workshop Guide (Fuldtid\/deltid)<\/span><\/p>\t\t\t\t\t\t\t\t<\/div>\n\t\t\t\t<\/div>\n\t\t\t\t<div class=\"elementor-element elementor-element-d6a5c3a elementor-widget elementor-widget-text-editor\" data-id=\"d6a5c3a\" data-element_type=\"widget\" data-e-type=\"widget\" data-widget_type=\"text-editor.default\">\n\t\t\t\t<div class=\"elementor-widget-container\">\n\t\t\t\t\t\t\t\t\t<p>Dette er ikke bare et almindeligt job \u2013 det er en mulighed for at v\u00e6re med p\u00e5 en v\u00e6kstrejse fra starten. Som en del af vores team bliver du ansigtet udadtil, der sikrer, at hver g\u00e6st g\u00e5r herfra med b\u00e5de et personligt duftlys og en uforglemmelig oplevelse.<\/p><p><u>Dine prim\u00e6re opgaver<\/u><\/p><ul><li>Facilitering af workshops: Guide g\u00e6ster gennem processen fra valg af duftnoter til st\u00f8bning af det perfekte lys.<\/li><li>Formidling af h\u00e5ndv\u00e6rk: Dele ud af viden om ingredienser, b\u00e6redygtighed og \u00e6stetisk design.<\/li><li>Konceptbygning: Bidrage med id\u00e9er til, hvordan vi kan optimere og skalere vores &#8220;build-your-own&#8221; koncept.<\/li><li>Skabe god stemning: S\u00f8rge for at vores lokaler altid emmer af den hygge og professionalisme, som navnet lover.<br \/><br \/><\/li><\/ul><p><span style=\"text-decoration: underline;\">Det praktiske<\/span><br \/>Vi leder efter ambiti\u00f8se profiler, der trives i et milj\u00f8 med h\u00f8jt til loftet og plads til iv\u00e6rks\u00e6tter\u00e5nd.<\/p><p>Arbejdstid: Prim\u00e6rt eftermiddage, aftener og weekender (perfekt som studiejob eller deltid).<\/p>\t\t\t\t\t\t\t\t<\/div>\n\t\t\t\t<\/div>\n\t\t<div class=\"elementor-element elementor-element-937319d e-con-full e-flex e-con e-child\" data-id=\"937319d\" data-element_type=\"container\" data-e-type=\"container\" data-settings=\"{&quot;jet_parallax_layout_list&quot;:[]}\">\n\t\t\t\t<div class=\"elementor-element elementor-element-3e6980e elementor-align-left elementor-mobile-align-justify elementor-widget-tablet__width-initial elementor-widget-mobile__width-inherit elementor-widget elementor-widget-button\" data-id=\"3e6980e\" data-element_type=\"widget\" data-e-type=\"widget\" data-widget_type=\"button.default\">\n\t\t\t\t<div class=\"elementor-widget-container\">\n\t\t\t\t\t\t\t\t\t<div class=\"elementor-button-wrapper\">\n\t\t\t\t\t<a class=\"elementor-button elementor-button-link elementor-size-sm\" href=\"mailto:job@stemning-copenhagen.dk\">\n\t\t\t\t\t\t<span class=\"elementor-button-content-wrapper\">\n\t\t\t\t\t\t\t\t\t<span class=\"elementor-button-text\">s\u00f8g job<\/span>\n\t\t\t\t\t<\/span>\n\t\t\t\t\t<\/a>\n\t\t\t\t<\/div>\n\t\t\t\t\t\t\t\t<\/div>\n\t\t\t\t<\/div>\n\t\t\t\t<\/div>\n\t\t\t\t<\/div>\n\t\t<div class=\"elementor-element elementor-element-3cca9b5 e-con-full elementor-hidden-tablet elementor-hidden-mobile e-flex e-con e-child\" data-id=\"3cca9b5\" data-element_type=\"container\" data-e-type=\"container\" data-settings=\"{&quot;jet_parallax_layout_list&quot;:[],&quot;background_background&quot;:&quot;classic&quot;}\">\n\t\t\t\t<div class=\"elementor-element elementor-element-10c1eb5 elementor-widget elementor-widget-text-editor\" data-id=\"10c1eb5\" data-element_type=\"widget\" data-e-type=\"widget\" data-widget_type=\"text-editor.default\">\n\t\t\t\t<div class=\"elementor-widget-container\">\n\t\t\t\t\t\t\t\t\t<p data-path-to-node=\"3\"><span style=\"text-decoration: underline;\">Workshop Guide (Fuldtid\/deltid)<\/span><\/p>\t\t\t\t\t\t\t\t<\/div>\n\t\t\t\t<\/div>\n\t\t\t\t<div class=\"elementor-element elementor-element-7709343 elementor-widget elementor-widget-text-editor\" data-id=\"7709343\" data-element_type=\"widget\" data-e-type=\"widget\" data-widget_type=\"text-editor.default\">\n\t\t\t\t<div class=\"elementor-widget-container\">\n\t\t\t\t\t\t\t\t\t<p>Dette er ikke bare et almindeligt job \u2013 det er en mulighed for at v\u00e6re med p\u00e5 en v\u00e6kstrejse fra starten. Som en del af vores team bliver du ansigtet udadtil, der sikrer, at hver g\u00e6st g\u00e5r herfra med b\u00e5de et personligt duftlys og en uforglemmelig oplevelse.<\/p><p><u>Dine prim\u00e6re opgaver<\/u><\/p><ul><li>Facilitering af workshops: Guide g\u00e6ster gennem processen fra valg af duftnoter til st\u00f8bning af det perfekte lys.<\/li><li>Formidling af h\u00e5ndv\u00e6rk: Dele ud af viden om ingredienser, b\u00e6redygtighed og \u00e6stetisk design.<\/li><li>Konceptbygning: Bidrage med id\u00e9er til, hvordan vi kan optimere og skalere vores &#8220;build-your-own&#8221; koncept.<\/li><li>Skabe god stemning: S\u00f8rge for at vores lokaler altid emmer af den hygge og professionalisme, som navnet lover.<br \/><br \/><\/li><\/ul><p><span style=\"text-decoration: underline;\">Det praktiske<\/span><br \/>Vi leder efter ambiti\u00f8se profiler, der trives i et milj\u00f8 med h\u00f8jt til loftet og plads til iv\u00e6rks\u00e6tter\u00e5nd.<\/p><p>Arbejdstid: Prim\u00e6rt eftermiddage, aftener og weekender (perfekt som studiejob eller deltid).<\/p>\t\t\t\t\t\t\t\t<\/div>\n\t\t\t\t<\/div>\n\t\t<div class=\"elementor-element elementor-element-41a3d07 e-con-full e-flex e-con e-child\" data-id=\"41a3d07\" data-element_type=\"container\" data-e-type=\"container\" data-settings=\"{&quot;jet_parallax_layout_list&quot;:[]}\">\n\t\t\t\t<div class=\"elementor-element elementor-element-16058e6 elementor-align-left elementor-mobile-align-justify elementor-widget-tablet__width-initial elementor-widget-mobile__width-inherit elementor-widget elementor-widget-button\" data-id=\"16058e6\" data-element_type=\"widget\" data-e-type=\"widget\" data-widget_type=\"button.default\">\n\t\t\t\t<div class=\"elementor-widget-container\">\n\t\t\t\t\t\t\t\t\t<div class=\"elementor-button-wrapper\">\n\t\t\t\t\t<a class=\"elementor-button elementor-button-link elementor-size-sm\" href=\"mailto:job@stemning-copenhagen.dk\">\n\t\t\t\t\t\t<span class=\"elementor-button-content-wrapper\">\n\t\t\t\t\t\t\t\t\t<span class=\"elementor-button-text\">s\u00f8g stilling<\/span>\n\t\t\t\t\t<\/span>\n\t\t\t\t\t<\/a>\n\t\t\t\t<\/div>\n\t\t\t\t\t\t\t\t<\/div>\n\t\t\t\t<\/div>\n\t\t\t\t<\/div>\n\t\t\t\t<\/div>\n\t\t\t\t\t<\/div>\n\t\t\t\t<\/div>\n\t\t\t\t<\/div>\n\t\t\t\t\t<\/div>\n\t\t\t\t<\/div>\n\t\t\t\t<\/div>","protected":false},"excerpt":{"rendered":"<p>Job Bliv en del af Stemning Copenhagen Vi bygger ikke bare et brand; vi skaber en ny standard for kreative oplevelser. Hos Stemning Copenhagen er vi et ambiti\u00f8st team, der br\u00e6nder for \u00e6stetik, iv\u00e6rks\u00e6tteri og kunsten at guide andre i deres eget h\u00e5ndv\u00e6rk. se ledige stillinger s\u00f8g uopfordret Vi har ikke nogle ledige stillinger i [&hellip;]<\/p>\n","protected":false},"author":2,"featured_media":0,"parent":0,"menu_order":0,"comment_status":"closed","ping_status":"closed","template":"","meta":{"_acf_changed":false,"footnotes":""},"class_list":["post-8941","page","type-page","status-publish","hentry"],"acf":[],"yoast_head":"<!-- This site is optimized with the Yoast SEO plugin v27.3 - https:\/\/yoast.com\/product\/yoast-seo-wordpress\/ -->\n<title>job - Stemning Copenhagen<\/title>\n<meta name=\"robots\" content=\"index, follow, max-snippet:-1, max-image-preview:large, max-video-preview:-1\" \/>\n<link rel=\"canonical\" href=\"https:\/\/stemning-copenhagen.dk\/en\/job\/\" \/>\n<meta property=\"og:locale\" content=\"en_GB\" \/>\n<meta property=\"og:type\" content=\"article\" \/>\n<meta property=\"og:title\" content=\"job - Stemning Copenhagen\" \/>\n<meta property=\"og:description\" content=\"Job Bliv en del af Stemning Copenhagen Vi bygger ikke bare et brand; vi skaber en ny standard for kreative oplevelser. Hos Stemning Copenhagen er vi et ambiti\u00f8st team, der br\u00e6nder for \u00e6stetik, iv\u00e6rks\u00e6tteri og kunsten at guide andre i deres eget h\u00e5ndv\u00e6rk. se ledige stillinger s\u00f8g uopfordret Vi har ikke nogle ledige stillinger i [&hellip;]\" \/>\n<meta property=\"og:url\" content=\"https:\/\/stemning-copenhagen.dk\/en\/job\/\" \/>\n<meta property=\"og:site_name\" content=\"Stemning Copenhagen\" \/>\n<meta property=\"article:modified_time\" content=\"2026-04-03T09:43:20+00:00\" \/>\n<meta property=\"og:image\" content=\"https:\/\/stemning-copenhagen.dk\/wp-content\/uploads\/IMG_5628-e1775072390932.jpg\" \/>\n\t<meta property=\"og:image:width\" content=\"1200\" \/>\n\t<meta property=\"og:image:height\" content=\"1200\" \/>\n\t<meta property=\"og:image:type\" content=\"image\/jpeg\" \/>\n<meta name=\"twitter:card\" content=\"summary_large_image\" \/>\n<meta name=\"twitter:label1\" content=\"Estimated reading time\" \/>\n\t<meta name=\"twitter:data1\" content=\"3 minutes\" \/>\n<script type=\"application\/ld+json\" class=\"yoast-schema-graph\">{\"@context\":\"https:\\\/\\\/schema.org\",\"@graph\":[{\"@type\":\"WebPage\",\"@id\":\"https:\\\/\\\/stemning-copenhagen.dk\\\/job\\\/\",\"url\":\"https:\\\/\\\/stemning-copenhagen.dk\\\/job\\\/\",\"name\":\"job - Stemning Copenhagen\",\"isPartOf\":{\"@id\":\"https:\\\/\\\/stemning-copenhagen.dk\\\/#website\"},\"primaryImageOfPage\":{\"@id\":\"https:\\\/\\\/stemning-copenhagen.dk\\\/job\\\/#primaryimage\"},\"image\":{\"@id\":\"https:\\\/\\\/stemning-copenhagen.dk\\\/job\\\/#primaryimage\"},\"thumbnailUrl\":\"https:\\\/\\\/stemning-copenhagen.dk\\\/wp-content\\\/uploads\\\/IMG_5628-e1775072390932.jpg\",\"datePublished\":\"2026-04-03T09:22:32+00:00\",\"dateModified\":\"2026-04-03T09:43:20+00:00\",\"inLanguage\":\"en-GB\",\"potentialAction\":[{\"@type\":\"ReadAction\",\"target\":[\"https:\\\/\\\/stemning-copenhagen.dk\\\/job\\\/\"]}]},{\"@type\":\"ImageObject\",\"inLanguage\":\"en-GB\",\"@id\":\"https:\\\/\\\/stemning-copenhagen.dk\\\/job\\\/#primaryimage\",\"url\":\"https:\\\/\\\/stemning-copenhagen.dk\\\/wp-content\\\/uploads\\\/IMG_5628-e1775072390932.jpg\",\"contentUrl\":\"https:\\\/\\\/stemning-copenhagen.dk\\\/wp-content\\\/uploads\\\/IMG_5628-e1775072390932.jpg\"},{\"@type\":\"WebSite\",\"@id\":\"https:\\\/\\\/stemning-copenhagen.dk\\\/#website\",\"url\":\"https:\\\/\\\/stemning-copenhagen.dk\\\/\",\"name\":\"Stemning Copenhagen\",\"description\":\"Duftlys caf\u00e9\",\"publisher\":{\"@id\":\"https:\\\/\\\/stemning-copenhagen.dk\\\/#organization\"},\"potentialAction\":[{\"@type\":\"SearchAction\",\"target\":{\"@type\":\"EntryPoint\",\"urlTemplate\":\"https:\\\/\\\/stemning-copenhagen.dk\\\/?s={search_term_string}\"},\"query-input\":{\"@type\":\"PropertyValueSpecification\",\"valueRequired\":true,\"valueName\":\"search_term_string\"}}],\"inLanguage\":\"en-GB\"},{\"@type\":\"Organization\",\"@id\":\"https:\\\/\\\/stemning-copenhagen.dk\\\/#organization\",\"name\":\"Stemning Copenhagen\",\"url\":\"https:\\\/\\\/stemning-copenhagen.dk\\\/\",\"logo\":{\"@type\":\"ImageObject\",\"inLanguage\":\"en-GB\",\"@id\":\"https:\\\/\\\/stemning-copenhagen.dk\\\/#\\\/schema\\\/logo\\\/image\\\/\",\"url\":\"https:\\\/\\\/stemning-copenhagen.dk\\\/wp-content\\\/uploads\\\/logo-black.svg\",\"contentUrl\":\"https:\\\/\\\/stemning-copenhagen.dk\\\/wp-content\\\/uploads\\\/logo-black.svg\",\"width\":552.18,\"height\":125.37,\"caption\":\"Stemning Copenhagen\"},\"image\":{\"@id\":\"https:\\\/\\\/stemning-copenhagen.dk\\\/#\\\/schema\\\/logo\\\/image\\\/\"}}]}<\/script>\n<!-- \/ Yoast SEO plugin. -->","yoast_head_json":{"title":"job - Stemning Copenhagen","robots":{"index":"index","follow":"follow","max-snippet":"max-snippet:-1","max-image-preview":"max-image-preview:large","max-video-preview":"max-video-preview:-1"},"canonical":"https:\/\/stemning-copenhagen.dk\/en\/job\/","og_locale":"en_GB","og_type":"article","og_title":"job - Stemning Copenhagen","og_description":"Job Bliv en del af Stemning Copenhagen Vi bygger ikke bare et brand; vi skaber en ny standard for kreative oplevelser. Hos Stemning Copenhagen er vi et ambiti\u00f8st team, der br\u00e6nder for \u00e6stetik, iv\u00e6rks\u00e6tteri og kunsten at guide andre i deres eget h\u00e5ndv\u00e6rk. se ledige stillinger s\u00f8g uopfordret Vi har ikke nogle ledige stillinger i [&hellip;]","og_url":"https:\/\/stemning-copenhagen.dk\/en\/job\/","og_site_name":"Stemning Copenhagen","article_modified_time":"2026-04-03T09:43:20+00:00","og_image":[{"width":1200,"height":1200,"url":"https:\/\/stemning-copenhagen.dk\/wp-content\/uploads\/IMG_5628-e1775072390932.jpg","type":"image\/jpeg"}],"twitter_card":"summary_large_image","twitter_misc":{"Estimated reading time":"3 minutes"},"schema":{"@context":"https:\/\/schema.org","@graph":[{"@type":"WebPage","@id":"https:\/\/stemning-copenhagen.dk\/job\/","url":"https:\/\/stemning-copenhagen.dk\/job\/","name":"job - Stemning Copenhagen","isPartOf":{"@id":"https:\/\/stemning-copenhagen.dk\/#website"},"primaryImageOfPage":{"@id":"https:\/\/stemning-copenhagen.dk\/job\/#primaryimage"},"image":{"@id":"https:\/\/stemning-copenhagen.dk\/job\/#primaryimage"},"thumbnailUrl":"https:\/\/stemning-copenhagen.dk\/wp-content\/uploads\/IMG_5628-e1775072390932.jpg","datePublished":"2026-04-03T09:22:32+00:00","dateModified":"2026-04-03T09:43:20+00:00","inLanguage":"en-GB","potentialAction":[{"@type":"ReadAction","target":["https:\/\/stemning-copenhagen.dk\/job\/"]}]},{"@type":"ImageObject","inLanguage":"en-GB","@id":"https:\/\/stemning-copenhagen.dk\/job\/#primaryimage","url":"https:\/\/stemning-copenhagen.dk\/wp-content\/uploads\/IMG_5628-e1775072390932.jpg","contentUrl":"https:\/\/stemning-copenhagen.dk\/wp-content\/uploads\/IMG_5628-e1775072390932.jpg"},{"@type":"WebSite","@id":"https:\/\/stemning-copenhagen.dk\/#website","url":"https:\/\/stemning-copenhagen.dk\/","name":"Stemning Copenhagen","description":"Duftlys caf\u00e9","publisher":{"@id":"https:\/\/stemning-copenhagen.dk\/#organization"},"potentialAction":[{"@type":"SearchAction","target":{"@type":"EntryPoint","urlTemplate":"https:\/\/stemning-copenhagen.dk\/?s={search_term_string}"},"query-input":{"@type":"PropertyValueSpecification","valueRequired":true,"valueName":"search_term_string"}}],"inLanguage":"en-GB"},{"@type":"Organization","@id":"https:\/\/stemning-copenhagen.dk\/#organization","name":"Stemning Copenhagen","url":"https:\/\/stemning-copenhagen.dk\/","logo":{"@type":"ImageObject","inLanguage":"en-GB","@id":"https:\/\/stemning-copenhagen.dk\/#\/schema\/logo\/image\/","url":"https:\/\/stemning-copenhagen.dk\/wp-content\/uploads\/logo-black.svg","contentUrl":"https:\/\/stemning-copenhagen.dk\/wp-content\/uploads\/logo-black.svg","width":552.18,"height":125.37,"caption":"Stemning Copenhagen"},"image":{"@id":"https:\/\/stemning-copenhagen.dk\/#\/schema\/logo\/image\/"}}]}},"_links":{"self":[{"href":"https:\/\/stemning-copenhagen.dk\/en\/wp-json\/wp\/v2\/pages\/8941","targetHints":{"allow":["GET"]}}],"collection":[{"href":"https:\/\/stemning-copenhagen.dk\/en\/wp-json\/wp\/v2\/pages"}],"about":[{"href":"https:\/\/stemning-copenhagen.dk\/en\/wp-json\/wp\/v2\/types\/page"}],"author":[{"embeddable":true,"href":"https:\/\/stemning-copenhagen.dk\/en\/wp-json\/wp\/v2\/users\/2"}],"replies":[{"embeddable":true,"href":"https:\/\/stemning-copenhagen.dk\/en\/wp-json\/wp\/v2\/comments?post=8941"}],"version-history":[{"count":20,"href":"https:\/\/stemning-copenhagen.dk\/en\/wp-json\/wp\/v2\/pages\/8941\/revisions"}],"predecessor-version":[{"id":8990,"href":"https:\/\/stemning-copenhagen.dk\/en\/wp-json\/wp\/v2\/pages\/8941\/revisions\/8990"}],"wp:attachment":[{"href":"https:\/\/stemning-copenhagen.dk\/en\/wp-json\/wp\/v2\/media?parent=8941"}],"curies":[{"name":"wp","href":"https:\/\/api.w.org\/{rel}","templated":true}]}}